{"id":405,"date":"2026-01-05T19:40:07","date_gmt":"2026-01-05T19:40:07","guid":{"rendered":"https:\/\/the-deiheshtis.de\/?page_id=405"},"modified":"2026-01-12T19:05:32","modified_gmt":"2026-01-12T19:05:32","slug":"datenschutz-impressum","status":"publish","type":"page","link":"https:\/\/the-deiheshtis.de\/fa\/datenschutz-impressum\/","title":{"rendered":"Datenschutz &#038; Impressum"},"content":{"rendered":"<div data-elementor-type=\"wp-page\" data-elementor-id=\"405\" class=\"elementor elementor-405\">\n\t\t\t\t<div class=\"elementor-element elementor-element-fb2084f e-flex e-con-boxed e-con e-parent\" data-id=\"fb2084f\" data-element_type=\"container\" data-e-type=\"container\">\n\t\t\t\t\t<div class=\"e-con-inner\">\n\t\t\t\t<div class=\"elementor-element elementor-element-777d8ea elementor-widget elementor-widget-spacer\" data-id=\"777d8ea\" data-element_type=\"widget\" data-e-type=\"widget\" data-widget_type=\"spacer.default\">\n\t\t\t\t\t\t\t<div class=\"elementor-spacer\">\n\t\t\t<div class=\"elementor-spacer-inner\"><\/div>\n\t\t<\/div>\n\t\t\t\t\t\t<\/div>\n\t\t\t\t\t<\/div>\n\t\t\t\t<\/div>\n\t\t<div class=\"elementor-element elementor-element-5fff8c8 e-con-full e-flex e-con e-parent\" data-id=\"5fff8c8\" data-element_type=\"container\" data-e-type=\"container\">\n\t\t\t\t<div class=\"elementor-element elementor-element-9937f19 elementor-widget elementor-widget-text-editor\" data-id=\"9937f19\" data-element_type=\"widget\" data-e-type=\"widget\" data-widget_type=\"text-editor.default\">\n\t\t\t\t\t\t\t\t\t<h5>Datenschutz\u00a0<\/h5><p>\u00a0<\/p><p>Der Schutz Ihrer pers\u00f6nlichen Daten ist uns sehr wichtig.<\/p><p>Diese Website dient ausschlie\u00dflich der Information rund um unsere Hochzeit sowie der Organisation der Teilnahme.<\/p><p>Personenbezogene Daten werden auf dieser Website nur im notwendigen Umfang verarbeitet.<\/p><p>Verantwortlich f\u00fcr die Datenverarbeitung auf dieser Website sind Viktoria Deiters &amp; Ali Beheshti.<\/p><p>Sie erreichen uns per E-Mail unter <a class=\"decorated-link cursor-pointer\" rel=\"noopener\" data-start=\"681\" data-end=\"709\">trauzeugen@the-deiheshtis.de<\/a>.<\/p><p>Beim Besuch dieser Website werden durch den Hosting-Anbieter automatisch Informationen in sogenannten Server-Logfiles erhoben.<\/p><p>Dazu geh\u00f6ren unter anderem die IP-Adresse, Datum und Uhrzeit des Zugriffs, der verwendete Browser sowie das Betriebssystem.<\/p><p>Diese Daten dienen ausschlie\u00dflich der technischen Sicherheit und Stabilit\u00e4t der Website und werden nicht mit anderen Datenquellen zusammengef\u00fchrt.<\/p><p>Die Verarbeitung erfolgt auf Grundlage von Art. 6 Abs. 1 lit. f DSGVO.<\/p><p>Diese Website wird bei einem externen Hosting-Anbieter betrieben.<\/p><p>Personenbezogene Daten, die auf dieser Website erfasst werden, werden auf den Servern des Hosting-Anbieters verarbeitet.<\/p><p>Die Verarbeitung erfolgt auf Grundlage eines berechtigten Interesses an einem sicheren und stabilen Betrieb der Website.<\/p><p>Zur Organisation unserer Hochzeit verwenden wir ein R\u00fcckmeldeformular (RSVP).<\/p><p>\u00dcber dieses Formular werden personenbezogene Daten wie Name, E-Mail-Adresse, Teilnahmeinformation, Men\u00fcauswahl sowie optionale Anmerkungen erfasst.<\/p><p>Diese Daten werden ausschlie\u00dflich zur Planung und Durchf\u00fchrung unserer Hochzeit verwendet.<\/p><p>Eine Weitergabe an Dritte erfolgt nicht.<\/p><p>Die Verarbeitung der Daten erfolgt auf Grundlage von Art. 6 Abs. 1 lit. b DSGVO.<\/p><p>Die \u00fcber das Formular \u00fcbermittelten Daten werden nur so lange gespeichert, wie dies f\u00fcr die Hochzeitsorganisation erforderlich ist, und anschlie\u00dfend gel\u00f6scht.<\/p><p>Sie haben jederzeit das Recht auf Auskunft \u00fcber Ihre gespeicherten personenbezogenen Daten sowie auf Berichtigung, L\u00f6schung, Einschr\u00e4nkung der Verarbeitung<\/p><p>oder Widerspruch gegen die Verarbeitung.<\/p><p>Hierzu gen\u00fcgt eine formlose Mitteilung per E-Mail an die oben genannte Adresse.<\/p><p>Diese Website nutzt aus Sicherheitsgr\u00fcnden eine SSL- bzw. TLS-Verschl\u00fcsselung, um \u00fcbermittelte Inhalte vor dem Zugriff Dritter zu sch\u00fctzen.<\/p><p>Wir behalten uns vor, diese Datenschutzerkl\u00e4rung bei Bedarf anzupassen, um sie an rechtliche Anforderungen oder \u00c4nderungen der Website anzupassen.<\/p><p>\u00a0<\/p><h5>IMPRESSUM<\/h5><p>\u00a0<\/p><p data-start=\"2693\" data-end=\"2779\">Angaben gem\u00e4\u00df \u00a7 5 TMG und \u00a7 18 MStV. Diese Website wird als private Website betrieben.<\/p><p data-start=\"2781\" data-end=\"2912\">Viktoria Deiters &amp; Ali Beheshti sind verantwortlich f\u00fcr die Inhalte dieser Website. Sie erreichen uns per E-Mail unter <a class=\"decorated-link cursor-pointer\" rel=\"noopener\" data-start=\"2883\" data-end=\"2911\">trauzeugen@the-deiheshtis.de<\/a>.<\/p><p data-start=\"2914\" data-end=\"3085\">Die Inhalte dieser Website wurden mit gr\u00f6\u00dftm\u00f6glicher Sorgfalt erstellt. F\u00fcr die Richtigkeit, Vollst\u00e4ndigkeit und Aktualit\u00e4t der Inhalte \u00fcbernehmen wir jedoch keine Gew\u00e4hr.<\/p><p data-start=\"3087\" data-end=\"3252\">Diese Website kann Links zu externen Websites Dritter enthalten, auf deren Inhalte wir keinen Einfluss haben. F\u00fcr diese fremden Inhalte \u00fcbernehmen wir keine Haftung.<\/p><p data-start=\"3254\" data-end=\"3500\">Die auf dieser Website ver\u00f6ffentlichten Inhalte und Werke unterliegen dem deutschen Urheberrecht.<\/p><p data-start=\"3254\" data-end=\"3500\">Eine Vervielf\u00e4ltigung, Bearbeitung oder Verbreitung au\u00dferhalb der Grenzen des Urheberrechts bedarf der vorherigen Zustimmung der jeweiligen Urheber.<\/p><p data-start=\"3254\" data-end=\"3500\">\u00a0<\/p><p>Viktoria Deiters &amp; Ali beheshti<\/p><p>Damenstiftstrasse 11<\/p><p>80331 M\u00fcnchen<\/p><p>\u06f0\u06f0\u06f4\u06f9-\u06f1\u06f7\u06f6-\u06f8\u06f0\u06f7\u06f4\u06f3\u06f6\u06f7\u06f5<\/p><p data-start=\"3254\" data-end=\"3500\"><br \/><br \/><\/p><p data-start=\"3254\" data-end=\"3500\">\u00a0<\/p>\t\t\t\t\t\t\t\t<\/div>\n\t\t\t\t<\/div>\n\t\t<div class=\"elementor-element elementor-element-b21fc67 e-flex e-con-boxed e-con e-parent\" data-id=\"b21fc67\" data-element_type=\"container\" data-e-type=\"container\">\n\t\t\t\t\t<div class=\"e-con-inner\">\n\t\t\t\t<div class=\"elementor-element elementor-element-b396fdf elementor-widget elementor-widget-text-editor\" data-id=\"b396fdf\" data-element_type=\"widget\" data-e-type=\"widget\" data-widget_type=\"text-editor.default\">\n\t\t\t\t\t\t\t\t\t<p><strong><a href=\"https:\/\/the-deiheshtis.de\/fa\/\">Back<\/a><\/strong><\/p>\t\t\t\t\t\t\t\t<\/div>\n\t\t\t\t\t<\/div>\n\t\t\t\t<\/div>\n\t\t<div class=\"elementor-element elementor-element-ccdb8b8 e-flex e-con-boxed e-con e-parent\" data-id=\"ccdb8b8\" data-element_type=\"container\" data-e-type=\"container\">\n\t\t\t\t\t<div class=\"e-con-inner\">\n\t\t\t\t<div class=\"elementor-element elementor-element-f7fd42c elementor-widget elementor-widget-spacer\" data-id=\"f7fd42c\" data-element_type=\"widget\" data-e-type=\"widget\" data-widget_type=\"spacer.default\">\n\t\t\t\t\t\t\t<div class=\"elementor-spacer\">\n\t\t\t<div class=\"elementor-spacer-inner\"><\/div>\n\t\t<\/div>\n\t\t\t\t\t\t<\/div>\n\t\t\t\t\t<\/div>\n\t\t\t\t<\/div>\n\t\t\t\t<\/div>","protected":false},"excerpt":{"rendered":"<p>Datenschutz\u00a0 \u00a0 Der Schutz Ihrer pers\u00f6nlichen Daten ist uns sehr wichtig. Diese Website dient ausschlie\u00dflich der Information rund um unsere [&hellip;]<\/p>\n","protected":false},"author":1,"featured_media":0,"parent":0,"menu_order":0,"comment_status":"closed","ping_status":"closed","template":"elementor_header_footer","meta":{"site-sidebar-layout":"default","site-content-layout":"","ast-site-content-layout":"default","site-content-style":"default","site-sidebar-style":"default","ast-global-header-display":"","ast-banner-title-visibility":"","ast-main-header-display":"","ast-hfb-above-header-display":"","ast-hfb-below-header-display":"","ast-hfb-mobile-header-display":"","site-post-title":"disabled","ast-breadcrumbs-content":"","ast-featured-img":"","footer-sml-layout":"disabled","ast-disable-related-posts":"","theme-transparent-header-meta":"","adv-header-id-meta":"","stick-header-meta":"","header-above-stick-meta":"","header-main-stick-meta":"","header-below-stick-meta":"","astra-migrate-meta-layouts":"default","ast-page-background-enabled":"default","ast-page-background-meta":{"desktop":{"background-color":"var(--ast-global-color-5)","background-image":"","background-repeat":"repeat","background-position":"center center","background-size":"auto","background-attachment":"scroll","background-type":"","background-media":"","overlay-type":"","overlay-color":"","overlay-opacity":"","overlay-gradient":""},"tablet":{"background-color":"","background-image":"","background-repeat":"repeat","background-position":"center center","background-size":"auto","background-attachment":"scroll","background-type":"","background-media":"","overlay-type":"","overlay-color":"","overlay-opacity":"","overlay-gradient":""},"mobile":{"background-color":"","background-image":"","background-repeat":"repeat","background-position":"center center","background-size":"auto","background-attachment":"scroll","background-type":"","background-media":"","overlay-type":"","overlay-color":"","overlay-opacity":"","overlay-gradient":""}},"ast-content-background-meta":{"desktop":{"background-color":"var(--ast-global-color-4)","background-image":"","background-repeat":"repeat","background-position":"center center","background-size":"auto","background-attachment":"scroll","background-type":"","background-media":"","overlay-type":"","overlay-color":"","overlay-opacity":"","overlay-gradient":""},"tablet":{"background-color":"var(--ast-global-color-4)","background-image":"","background-repeat":"repeat","background-position":"center center","background-size":"auto","background-attachment":"scroll","background-type":"","background-media":"","overlay-type":"","overlay-color":"","overlay-opacity":"","overlay-gradient":""},"mobile":{"background-color":"var(--ast-global-color-4)","background-image":"","background-repeat":"repeat","background-position":"center center","background-size":"auto","background-attachment":"scroll","background-type":"","background-media":"","overlay-type":"","overlay-color":"","overlay-opacity":"","overlay-gradient":""}},"footnotes":""},"class_list":["post-405","page","type-page","status-publish","hentry"],"_links":{"self":[{"href":"https:\/\/the-deiheshtis.de\/fa\/wp-json\/wp\/v2\/pages\/405","targetHints":{"allow":["GET"]}}],"collection":[{"href":"https:\/\/the-deiheshtis.de\/fa\/wp-json\/wp\/v2\/pages"}],"about":[{"href":"https:\/\/the-deiheshtis.de\/fa\/wp-json\/wp\/v2\/types\/page"}],"author":[{"embeddable":true,"href":"https:\/\/the-deiheshtis.de\/fa\/wp-json\/wp\/v2\/users\/1"}],"replies":[{"embeddable":true,"href":"https:\/\/the-deiheshtis.de\/fa\/wp-json\/wp\/v2\/comments?post=405"}],"version-history":[{"count":25,"href":"https:\/\/the-deiheshtis.de\/fa\/wp-json\/wp\/v2\/pages\/405\/revisions"}],"predecessor-version":[{"id":810,"href":"https:\/\/the-deiheshtis.de\/fa\/wp-json\/wp\/v2\/pages\/405\/revisions\/810"}],"wp:attachment":[{"href":"https:\/\/the-deiheshtis.de\/fa\/wp-json\/wp\/v2\/media?parent=405"}],"curies":[{"name":"wp","href":"https:\/\/api.w.org\/{rel}","templated":true}]}}